{"id":3,"date":"2022-11-11T02:13:05","date_gmt":"2022-11-11T02:13:05","guid":{"rendered":"http:\/?page_id=3"},"modified":"2024-10-02T20:26:52","modified_gmt":"2024-10-02T20:26:52","slug":"privacy-policy","status":"publish","type":"page","link":"https:\/\/www.airsense.pt\/?page_id=3","title":{"rendered":"Politica de Privacidade"},"content":{"rendered":"\n<h3 class=\"wp-block-heading\">Quem Somos<\/h3>\n\n\n\n<p>O nosso endere\u00e7o de site \u00e9: https:\\\\airsense.pt<\/p>\n\n\n\n<h3 class=\"wp-block-heading\">Coment\u00e1rios<\/h3>\n\n\n\n<p>Quando os visitantes deixam coment\u00e1rios no site, recolhemos os dados mostrados no formul\u00e1rio de coment\u00e1rios, bem como o endere\u00e7o IP e a cadeia de agente do navegador do visitante para ajudar na dete\u00e7\u00e3o de spam.<\/p>\n\n\n\n<p>Uma string anonimizada criada a partir do seu endere\u00e7o de email (tamb\u00e9m chamada de hash) pode ser fornecida ao servi\u00e7o Gravatar para verificar se o est\u00e1 a utilizar. A pol\u00edtica de privacidade do servi\u00e7o Gravatar est\u00e1 dispon\u00edvel aqui: https:\/\/automattic.com\/privacy\/. Ap\u00f3s a aprova\u00e7\u00e3o do seu coment\u00e1rio, a sua imagem de perfil ficar\u00e1 vis\u00edvel para o p\u00fablico no contexto do seu coment\u00e1rio.<\/p>\n\n\n\n<h3 class=\"wp-block-heading\">Imagens<\/h3>\n\n\n\n<p>Se carregar imagens no site, deve evitar enviar imagens com dados de localiza\u00e7\u00e3o embutidos (EXIF GPS). Os visitantes do site podem descarregar e extrair quaisquer dados de localiza\u00e7\u00e3o das imagens no site.<\/p>\n\n\n\n<h3 class=\"wp-block-heading\">Cookies<\/h3>\n\n\n\n<p>Se deixar um coment\u00e1rio no nosso site, pode optar por guardar o seu nome, endere\u00e7o de email e site em cookies. Isto \u00e9 para sua conveni\u00eancia, de forma a n\u00e3o ter que preencher novamente os seus dados quando deixar outro coment\u00e1rio. Estes cookies durar\u00e3o um ano.<\/p>\n\n\n\n<p>Se visitar a nossa p\u00e1gina de login, ser\u00e1 criado um cookie tempor\u00e1rio para determinar se o seu navegador aceita cookies. Este cookie n\u00e3o cont\u00e9m dados pessoais e ser\u00e1 eliminado quando fechar o navegador.<\/p>\n\n\n\n<p>Quando fizer login, configuraremos v\u00e1rios cookies para guardar as suas informa\u00e7\u00f5es de login e as suas op\u00e7\u00f5es de exibi\u00e7\u00e3o de ecr\u00e3. Os cookies de login duram dois dias, e os cookies de op\u00e7\u00f5es de ecr\u00e3 duram um ano. Se selecionar &#8220;Lembrar-me&#8221;, o seu login persistir\u00e1 durante duas semanas. Se sair da sua conta, os cookies de login ser\u00e3o removidos.<\/p>\n\n\n\n<p>Se editar ou publicar um artigo, ser\u00e1 guardado um cookie adicional no seu navegador. Este cookie n\u00e3o inclui dados pessoais e simplesmente indica o ID da publica\u00e7\u00e3o do artigo que acabou de editar. Expira ap\u00f3s 1 dia.<\/p>\n\n\n\n<h3 class=\"wp-block-heading\">Conte\u00fado incorporado de outros sites<\/h3>\n\n\n\n<p>Os artigos neste site podem incluir conte\u00fado incorporado (por exemplo, v\u00eddeos, imagens, artigos, etc.). O conte\u00fado incorporado de outros sites comporta-se exatamente da mesma forma como se o visitante tivesse visitado esses sites.<\/p>\n\n\n\n<p>Esses sites podem recolher dados sobre si, utilizar cookies, incorporar rastreamento adicional de terceiros e monitorizar a sua intera\u00e7\u00e3o com esse conte\u00fado incorporado, incluindo o rastreamento da sua intera\u00e7\u00e3o com o conte\u00fado incorporado, caso tenha uma conta e esteja autenticado nesse site.<\/p>\n\n\n\n<h3 class=\"wp-block-heading\">Com quem partilhamos os seus dados<\/h3>\n\n\n\n<p>Se solicitar uma reposi\u00e7\u00e3o de palavra-passe, o seu endere\u00e7o IP ser\u00e1 inclu\u00eddo no email de reposi\u00e7\u00e3o.<\/p>\n\n\n\n<h3 class=\"wp-block-heading\">Quanto tempo retemos os seus dados<\/h3>\n\n\n\n<p>Se deixar um coment\u00e1rio, o coment\u00e1rio e os seus metadados s\u00e3o retidos indefinidamente. Isto \u00e9 para que possamos reconhecer e aprovar automaticamente quaisquer coment\u00e1rios de seguimento em vez de os manter numa fila de modera\u00e7\u00e3o.<\/p>\n\n\n\n<p>Para utilizadores que se registam no nosso site (se aplic\u00e1vel), tamb\u00e9m armazenamos as informa\u00e7\u00f5es pessoais que fornecem no seu perfil de utilizador. Todos os utilizadores podem ver, editar ou eliminar as suas informa\u00e7\u00f5es pessoais a qualquer momento (exceto alterar o nome de utilizador). Os administradores do site tamb\u00e9m podem ver e editar essas informa\u00e7\u00f5es.<\/p>\n\n\n\n<h3 class=\"wp-block-heading\">Que direitos tem sobre os seus dados<\/h3>\n\n\n\n<p>Se tiver uma conta neste site, ou se tiver deixado coment\u00e1rios, pode solicitar receber um ficheiro exportado dos dados pessoais que detemos sobre si, incluindo quaisquer dados que nos tenha fornecido. Tamb\u00e9m pode solicitar que eliminemos quaisquer dados pessoais que detenhamos sobre si. Isto n\u00e3o inclui quaisquer dados que somos obrigados a manter para fins administrativos, legais ou de seguran\u00e7a.<\/p>\n\n\n\n<h3 class=\"wp-block-heading\">Para onde enviamos os seus dados<\/h3>\n\n\n\n<p>Os coment\u00e1rios dos visitantes podem ser verificados atrav\u00e9s de um servi\u00e7o automatizado de dete\u00e7\u00e3o de spam.<\/p>\n\n\n\n<p><\/p>\n","protected":false},"excerpt":{"rendered":"<p>Quem Somos O nosso endere\u00e7o de site \u00e9: https:\\\\airsense.pt Coment\u00e1rios Quando os visitantes deixam coment\u00e1rios no site, recolhemos os dados mostrados no formul\u00e1rio de coment\u00e1rios, bem como o endere\u00e7o IP e a cadeia de agente do navegador do visitante para ajudar na dete\u00e7\u00e3o de spam. Uma string anonimizada criada a partir do seu endere\u00e7o de [&hellip;]<\/p>\n","protected":false},"author":1,"featured_media":0,"parent":0,"menu_order":0,"comment_status":"closed","ping_status":"open","template":"","meta":{"saved_in_kubio":true,"footnotes":""},"class_list":["post-3","page","type-page","status-publish","hentry"],"kubio_ai_page_context":{"short_desc":"","purpose":"general"},"_links":{"self":[{"href":"https:\/\/www.airsense.pt\/index.php?rest_route=\/wp\/v2\/pages\/3"}],"collection":[{"href":"https:\/\/www.airsense.pt\/index.php?rest_route=\/wp\/v2\/pages"}],"about":[{"href":"https:\/\/www.airsense.pt\/index.php?rest_route=\/wp\/v2\/types\/page"}],"author":[{"embeddable":true,"href":"https:\/\/www.airsense.pt\/index.php?rest_route=\/wp\/v2\/users\/1"}],"replies":[{"embeddable":true,"href":"https:\/\/www.airsense.pt\/index.php?rest_route=%2Fwp%2Fv2%2Fcomments&post=3"}],"version-history":[{"count":2,"href":"https:\/\/www.airsense.pt\/index.php?rest_route=\/wp\/v2\/pages\/3\/revisions"}],"predecessor-version":[{"id":333,"href":"https:\/\/www.airsense.pt\/index.php?rest_route=\/wp\/v2\/pages\/3\/revisions\/333"}],"wp:attachment":[{"href":"https:\/\/www.airsense.pt\/index.php?rest_route=%2Fwp%2Fv2%2Fmedia&parent=3"}],"curies":[{"name":"wp","href":"https:\/\/api.w.org\/{rel}","templated":true}]}}